{"id":534,"date":"2025-05-30T15:30:22","date_gmt":"2025-05-30T15:30:22","guid":{"rendered":"https:\/\/thielen-sport.de\/?page_id=534"},"modified":"2026-03-05T20:13:51","modified_gmt":"2026-03-05T20:13:51","slug":"faq","status":"publish","type":"page","link":"https:\/\/thielen-sport.de\/?page_id=534","title":{"rendered":"FAQ"},"content":{"rendered":"\t\t<div data-elementor-type=\"wp-page\" data-elementor-id=\"534\" class=\"elementor elementor-534\">\n\t\t\t\t<div class=\"elementor-element elementor-element-680d2df e-flex e-con-boxed e-con e-parent\" data-id=\"680d2df\" data-element_type=\"container\" data-e-type=\"container\">\n\t\t\t\t\t<div class=\"e-con-inner\">\n\t\t\t\t<div class=\"elementor-element elementor-element-1bb5e52 elementor-widget elementor-widget-heading\" data-id=\"1bb5e52\" data-element_type=\"widget\" data-e-type=\"widget\" data-widget_type=\"heading.default\">\n\t\t\t\t<div class=\"elementor-widget-container\">\n\t\t\t\t\t<h2 class=\"elementor-heading-title elementor-size-default\">FAQ<\/h2>\t\t\t\t<\/div>\n\t\t\t\t<\/div>\n\t\t\t\t\t<\/div>\n\t\t\t\t<\/div>\n\t\t<div class=\"elementor-element elementor-element-6b27816 e-flex e-con-boxed e-con e-parent\" data-id=\"6b27816\" data-element_type=\"container\" data-e-type=\"container\">\n\t\t\t\t\t<div class=\"e-con-inner\">\n\t\t\t\t<div class=\"elementor-element elementor-element-f54c91f elementor-widget elementor-widget-text-editor\" data-id=\"f54c91f\" data-element_type=\"widget\" data-e-type=\"widget\" data-widget_type=\"text-editor.default\">\n\t\t\t\t<div class=\"elementor-widget-container\">\n\t\t\t\t\t\t\t\t\t<ul><li><a href=\"#ich\">Wer bin ich?<\/a><\/li><li><a href=\"#ort\">Wo finden die Kurse statt?<\/a><\/li><li><a href=\"#welcherkurs\">Welcher Kurs ist f\u00fcr mich geeignet?<\/a><\/li><li><a href=\"#mitbringen\">Was muss ich mitbringen?<\/a><\/li><li><a href=\"#bezuschussung\">Wie funktioniert die Bezuschussung durch die Krankenkasse?<\/a><\/li><li><a href=\"#kontakt\">Wie kann ich Dich f\u00fcr weitere Fragen kontaktieren?<\/a><\/li><\/ul>\t\t\t\t\t\t\t\t<\/div>\n\t\t\t\t<\/div>\n\t\t\t\t<div class=\"elementor-element elementor-element-99a4ee1 elementor-widget-divider--view-line elementor-widget elementor-widget-divider\" data-id=\"99a4ee1\" data-element_type=\"widget\" data-e-type=\"widget\" data-widget_type=\"divider.default\">\n\t\t\t\t<div class=\"elementor-widget-container\">\n\t\t\t\t\t\t\t<div class=\"elementor-divider\">\n\t\t\t<span class=\"elementor-divider-separator\">\n\t\t\t\t\t\t<\/span>\n\t\t<\/div>\n\t\t\t\t\t\t<\/div>\n\t\t\t\t<\/div>\n\t\t\t\t<div class=\"elementor-element elementor-element-41b89e3 elementor-widget elementor-widget-text-editor\" data-id=\"41b89e3\" data-element_type=\"widget\" data-e-type=\"widget\" id=\"ich\" data-widget_type=\"text-editor.default\">\n\t\t\t\t<div class=\"elementor-widget-container\">\n\t\t\t\t\t\t\t\t\t<p><strong>Wer bin ich?<br \/><\/strong>Hi, ich bin Tina. Hier ein paar Stichpunkte zu mir: <span style=\"background-color: transparent;\">1994 Hallo Welt,\u00a0<\/span><span style=\"background-color: transparent;\">2010 Erster Trainerschein,\u00a0<\/span><span style=\"background-color: transparent;\">2014 Abitur,\u00a0<\/span><span style=\"background-color: transparent;\">2018 Fitness\u00f6konomin,\u00a0<\/span><span style=\"background-color: transparent;\">2018 ZPP-Zertifizierung,\u00a0<\/span><span style=\"background-color: transparent;\">2022 Hochzeit,\u00a0<\/span><span style=\"background-color: transparent;\">2025 Babyboy<\/span><\/p><p>Bereits seit \u00fcber 15 Jahren bin ich Fitness- und Gesundheitstrainerin und in vielen <span style=\"text-decoration: underline;\">Kursformaten<\/span> zu finden: Jumping Fitness, Shadowboxer, Langhantel, Bauch-Beine-Po, Engpassdehnung, Fit in der Schwangerschaft, Mama-Fitness, Beckenboden-Training, etc.<\/p><p>Sport begleitet mich von klein auf:<br \/>Babyschwimmen, Krabbelgruppe, Mutter-Kind-Turnen, Kinderturnen, Schwimmen, Rad und Inliner fahren, Korbball, Garde- und Showtanz, Tennis, Kurse, Krafttraining<\/p>\t\t\t\t\t\t\t\t<\/div>\n\t\t\t\t<\/div>\n\t\t\t\t<div class=\"elementor-element elementor-element-e45c0d8 elementor-widget elementor-widget-text-editor\" data-id=\"e45c0d8\" data-element_type=\"widget\" data-e-type=\"widget\" id=\"ort\" data-widget_type=\"text-editor.default\">\n\t\t\t\t<div class=\"elementor-widget-container\">\n\t\t\t\t\t\t\t\t\t<p><strong>Wo finden die Kurse statt?<\/strong><br \/>Mein eigener Kursraum (wird aktuell neu errichtet) befindet sich in Andernach. Parkpl\u00e4tze findest du kostenfrei direkt vor der T\u00fcr.<\/p>\t\t\t\t\t\t\t\t<\/div>\n\t\t\t\t<\/div>\n\t\t\t\t<div class=\"elementor-element elementor-element-30e8a9a elementor-widget elementor-widget-text-editor\" data-id=\"30e8a9a\" data-element_type=\"widget\" data-e-type=\"widget\" id=\"welcherkurs\" data-widget_type=\"text-editor.default\">\n\t\t\t\t<div class=\"elementor-widget-container\">\n\t\t\t\t\t\t\t\t\t<p><strong>Welcher Kurs ist f\u00fcr mich geeignet?<br \/><\/strong>In jeder Kursbeschreibung findest du hilfreiche Informationen. Wenn du aber doch mal unsicher bist, welcher Kurs f\u00fcr dich der beste ist, melde dich gern bei mir.<\/p>\t\t\t\t\t\t\t\t<\/div>\n\t\t\t\t<\/div>\n\t\t\t\t<div class=\"elementor-element elementor-element-9dae4ee elementor-widget elementor-widget-text-editor\" data-id=\"9dae4ee\" data-element_type=\"widget\" data-e-type=\"widget\" id=\"mitbringen\" data-widget_type=\"text-editor.default\">\n\t\t\t\t<div class=\"elementor-widget-container\">\n\t\t\t\t\t\t\t\t\t<p><strong>Was muss ich mitbringen?<\/strong><br \/>Handtuch, Sportschuhe, Getr\u00e4nk<\/p>\t\t\t\t\t\t\t\t<\/div>\n\t\t\t\t<\/div>\n\t\t\t\t<div class=\"elementor-element elementor-element-9c61eed elementor-widget elementor-widget-text-editor\" data-id=\"9c61eed\" data-element_type=\"widget\" data-e-type=\"widget\" id=\"bezuschussung\" data-widget_type=\"text-editor.default\">\n\t\t\t\t<div class=\"elementor-widget-container\">\n\t\t\t\t\t\t\t\t\t<p><strong>Wie funktioniert die Bezuschussung durch die Krankenkasse?<\/strong><br \/>In der Regel setzt die Krankenkasse eine Teilnahme von 80% voraus. Die H\u00f6he der Bezuschussung ist von jeder Krankenkasse individuell festgesetzt. Zum Abschluss des Kursblocks erh\u00e4ltst du eine Teilnahmebest\u00e4tigung von mir. Diese reichst du dann bei deiner Krankenkasse ein. Wenn du weitere Fragen zur Bezuschussung hast, setze dich bitte mit deiner Krankenkasse in Verbindung.<\/p>\t\t\t\t\t\t\t\t<\/div>\n\t\t\t\t<\/div>\n\t\t\t\t<div class=\"elementor-element elementor-element-a3abb6a elementor-widget elementor-widget-text-editor\" data-id=\"a3abb6a\" data-element_type=\"widget\" data-e-type=\"widget\" id=\"kontakt\" data-widget_type=\"text-editor.default\">\n\t\t\t\t<div class=\"elementor-widget-container\">\n\t\t\t\t\t\t\t\t\t<p><strong>Wie kann ich Dich f\u00fcr weitere Fragen kontaktieren?<\/strong><br \/>Schreib mir gern eine Mail mit deinem Anliegen und deiner Telefonnummer an <a href=\"mailto:tina@thielen-sport.de\">tina@thielen-sport.de<\/a>. Ich melde mich zeitnah bei Dir.<\/p>\t\t\t\t\t\t\t\t<\/div>\n\t\t\t\t<\/div>\n\t\t\t\t\t<\/div>\n\t\t\t\t<\/div>\n\t\t\t\t<\/div>\n\t\t","protected":false},"excerpt":{"rendered":"<p>FAQ Wer bin ich? Wo finden die Kurse statt? Welcher Kurs ist f\u00fcr mich geeignet? Was muss ich mitbringen? Wie funktioniert die Bezuschussung durch die Krankenkasse? Wie kann ich Dich f\u00fcr weitere Fragen kontaktieren? Wer bin ich?Hi, ich bin Tina. Hier ein paar Stichpunkte zu mir: 1994 Hallo Welt,\u00a02010 Erster Trainerschein,\u00a02014 Abitur,\u00a02018 Fitness\u00f6konomin,\u00a02018 ZPP-Zertifizierung,\u00a02022 Hochzeit,\u00a02025 [&hellip;]<\/p>\n","protected":false},"author":1,"featured_media":0,"parent":2,"menu_order":0,"comment_status":"closed","ping_status":"closed","template":"elementor_header_footer","meta":{"footnotes":""},"class_list":["post-534","page","type-page","status-publish","hentry"],"_links":{"self":[{"href":"https:\/\/thielen-sport.de\/index.php?rest_route=\/wp\/v2\/pages\/534","targetHints":{"allow":["GET"]}}],"collection":[{"href":"https:\/\/thielen-sport.de\/index.php?rest_route=\/wp\/v2\/pages"}],"about":[{"href":"https:\/\/thielen-sport.de\/index.php?rest_route=\/wp\/v2\/types\/page"}],"author":[{"embeddable":true,"href":"https:\/\/thielen-sport.de\/index.php?rest_route=\/wp\/v2\/users\/1"}],"replies":[{"embeddable":true,"href":"https:\/\/thielen-sport.de\/index.php?rest_route=%2Fwp%2Fv2%2Fcomments&post=534"}],"version-history":[{"count":102,"href":"https:\/\/thielen-sport.de\/index.php?rest_route=\/wp\/v2\/pages\/534\/revisions"}],"predecessor-version":[{"id":1370,"href":"https:\/\/thielen-sport.de\/index.php?rest_route=\/wp\/v2\/pages\/534\/revisions\/1370"}],"up":[{"embeddable":true,"href":"https:\/\/thielen-sport.de\/index.php?rest_route=\/wp\/v2\/pages\/2"}],"wp:attachment":[{"href":"https:\/\/thielen-sport.de\/index.php?rest_route=%2Fwp%2Fv2%2Fmedia&parent=534"}],"curies":[{"name":"wp","href":"https:\/\/api.w.org\/{rel}","templated":true}]}}